{"id":2,"date":"2025-02-26T15:32:16","date_gmt":"2025-02-26T14:32:16","guid":{"rendered":"https:\/\/www.hundewollenleben.net\/MITROVICA\/?page_id=2"},"modified":"2026-03-30T19:57:34","modified_gmt":"2026-03-30T17:57:34","slug":"startseite-spenden","status":"publish","type":"page","link":"https:\/\/www.hundewollenleben.net\/MITROVICA\/","title":{"rendered":"Startseite \/ Spenden"},"content":{"rendered":"<p><a href=\"#spenden\">zu den Spendenoptionen<\/a><\/p>\n<p><a href=\"https:\/\/www.teaming.net\/hundewollenleben\" target=\"_blank\" rel=\"noopener\"><img decoding=\"async\" src=\"https:\/\/hundewollenleben.net\/wp-content\/uploads\/2025\/05\/beitritt_teaming-2025-05.jpg\" alt=\"\" width=\"500\" class=\"aligncenter size-large wp-image-848\" \/><\/a><\/p>\n\n<p>&nbsp;<\/p>\n<h2><u>Ein Rundgang im Shelter &#8211; Februar 2026<\/u><\/h2>\n<p><iframe loading=\"lazy\" width=\"560\" height=\"315\" src=\"https:\/\/www.youtube.com\/embed\/vd4x0aAuqqA?si=AT_EjDO9_wT24WJv\" title=\"YouTube video player\" frameborder=\"0\" allow=\"accelerometer; autoplay; clipboard-write; encrypted-media; gyroscope; picture-in-picture; web-share\" referrerpolicy=\"strict-origin-when-cross-origin\" allowfullscreen><\/iframe><\/p>\n<p>&nbsp;<\/p>\n<h2><u>Impressionen aus unserem Shelter<\/u><\/h2>\n<p><iframe loading=\"lazy\" title=\"YouTube video player\" src=\"https:\/\/www.youtube.com\/embed\/qP9G4k7JCb0?si=H12tbkhO84rTo0LD\" width=\"360\" height=\"636\" frameborder=\"0\" allowfullscreen=\"allowfullscreen\"><\/iframe><\/p>\n<p>&nbsp;<\/p>\n<h2><u>DAS ASYL &#8211; &#8222;HUNDE wollen leben&#8220; Sremska Mitrovica \/ Serbien<\/u><\/h2>\n<p><iframe loading=\"lazy\" title=\"YouTube video player\" src=\"https:\/\/www.youtube.com\/embed\/fabKWQM6n-c?si=CJbStrhwt58-yqIr\" width=\"560\" height=\"315\" frameborder=\"0\" allowfullscreen=\"allowfullscreen\"><\/iframe><\/p>\n<p>Besuchen Sie auch unseren Youtube-Kanal:<\/p>\n<p><a href=\"https:\/\/www.youtube.com\/@hundewollenleben\" target=\"_blank\" rel=\"noopener\">https:\/\/www.youtube.com\/@hundewollenleben<\/a><\/p>\n<p>&nbsp;<\/p>\n<p>SREMSKA MITROVICA liegt in Serbien in der Provinz\u00a0Vojvodina &#8211; etwa 60km westlich von Belgrad.<\/p>\n<p><img loading=\"lazy\" decoding=\"async\" class=\"wp-image-209\" src=\"https:\/\/www.hundewollenleben.net\/MITROVICA\/wp-content\/uploads\/2025\/03\/google_maps_mitrovica.jpg\" alt=\"Sremska Mitrovica\" width=\"571\" height=\"371\" \/><\/p>\n<p>&nbsp;<\/p>\n<p id=\"spenden\">\n<h1><strong>Wir sind bei diesem Projekt nat\u00fcrlich auf Unterst\u00fctzung und Spenden angewiesen!<br \/>\n<\/strong><\/h1>\n<\/p>\n<p>Die Bau-, Restaurierungs- und Erhaltungskosten f\u00fcr die gro\u00dfe Auffangstation waren und sind betr\u00e4chtlich. Dazu kommen monatliche Betriebs- und Gehaltskosten sowie Aufw\u00e4nde f\u00fcr Futter und medizinische Belange.<\/p>\n<h2><strong>Wie k\u00f6nnen Sie uns unterst\u00fctzen:<\/strong><\/h2>\n<p><a href=\"#formular\"><button>FundraisingBox<\/button><\/a><\/p>\n<p><a href=\"#fundraiser\"><button>betterplace.me (goodcrowd)<\/button><\/a><\/p>\n<p><a href=\"#teaming\"><button>Teaming<\/button><\/a><\/p>\n<p><a href=\"#whydonate\"><button>Whydonate<\/button><\/a><\/p>\n<p><a href=\"https:\/\/www.gofundme.com\/f\/unser-shelter-in-sremska-mitrovica-serbien\" target=\"_blank\"><button>Gofundme<\/button><\/a><\/p>\n<p><a href=\"#ueberweisung\"><button>Bank-\u00dcberweisung<\/button><\/a><\/p>\n<hr \/>\n<p id=\"formular\">Sie m\u00f6chten uns ein- oder mehrmalig finanziell unterst\u00fctzen &#8211;<\/p>\n<p><script type=\"text\/javascript\" src=\"https:\/\/secure.fundraisingbox.com\/app\/paymentJS?hash=s1ye5kfhiv0oze4n\"><\/script><noscript>Bitte Javascript aktivieren<\/noscript><a href=\"https:\/\/www.fundraisingbox.com\/?utm_source=donation_form\" target=\"_blank\" rel=\"noopener\"><img decoding=\"async\" style=\"border: 0 !important;\" src=\"https:\/\/secure.fundraisingbox.com\/images\/FundraisingBox-Logo-Widget.png\" alt=\"FundraisingBox Logo\" border=\"0\" \/><\/a><\/p>\n<hr \/>\n<p id=\"fundraiser\"><a href=\"https:\/\/www.betterplace.me\/hunde-wollen-leben-wir-retten-tiere-vor-ort\" target=\"_blank\" rel=\"noopener\"><img decoding=\"async\" src=\"https:\/\/www.hundewollenleben.net\/MITROVICA\/wp-content\/uploads\/2025\/03\/goodcrowd-betterplaceme-logo.png\" width=\"400\" \/><\/a><\/p>\n<h1><strong>ONLINE:<\/strong> &#8211; Fundraiser <a href=\"https:\/\/www.betterplace.me\/hunde-wollen-leben-wir-retten-tiere-vor-ort\" target=\"_blank\" rel=\"noopener\">betterplace.me (goodcrowd)<\/a><\/h1>\n<hr \/>\n<p id=\"teaming\">Das Konzept von Teaming besteht darin, dass \u201cTeamer\u201d an ein Projekt pro Monat den Betrag von 1,00 Euro spenden. Wir w\u00fcrden uns freuen, wenn Sie unser Teaming-Projekt mit unterst\u00fctzen. Vielen Dank!<\/p>\n<p><iframe loading=\"lazy\" style=\"overflow: hidden;\" src=\"https:\/\/www.teaming.net\/group\/spread\/widgets\/qo2vXBR68jSePDKUblYMXF82aZ0Sbe1z5UfdNCI63Phx1\/6?lang=de_DE&amp;TM=true\" width=\"696\" height=\"315\" frameborder=\"0\" scrolling=\"no\"><\/iframe><\/p>\n<hr \/>\n<p id=\"whydonate\"><a href=\"https:\/\/whydonate.com\/de\/fundraising\/unser-shelter-in-sremska-mitrovica-serbien\" target=\"_blank\"><\/p>\n<h3>Wechseln Sie zu unserem Projekt auf Whydonate.com<\/h3>\n<p><\/a><br \/>\n&nbsp;<br \/>\n&#8230; oder verwenden Sie das hier eingebettete Formular direkt. Vielen Dank!<br \/>\n&nbsp;<\/p>\n<div>\n<div        id=\"widget-here-GF1nJ\"        class=\"widget-here\"        data-shortcode=\"GF1nJ\"        data-lang=\"auto\"        value=\"donation-widget\"    ><\/div>\n<\/div>\n<link    rel=\"stylesheet\"    href=\"https:\/\/plugin.whydonate.com\/wdplugin-style.css\"\/><script    src=\"https:\/\/plugin.whydonate.com\/wp_styling.js\"    type=\"text\/javascript\"><\/script><br \/>\n<hr \/>\n<p id=\"ueberweisung\">oder richten Sie bitte Ihre Spenden per \u00dcberweisung direkt an<\/p>\n<p><strong>HUNDE wollen leben<\/strong><br \/>\nBANK: ERSTE BANK Group Wien<br \/>\nIBAN: AT67 2011 1850 9760 2900<br \/>\nBIC: GIBAATWWXXX<\/p>\n<hr \/>\n<p><strong>Pf\u00f6tchenhilfe Loisachtal e.V.<\/strong><br \/>\nBANK: VR Bank Starnberg-Herrsching-Landsberg eG<br \/>\nIBAN: DE71 700 9320 00 0044 47 581<br \/>\nBIC: GENODEF1STH<\/p>\n<p>Geben Sie als Referenz \/ Verwendungszweck &#8222;<strong>&#8222;HUNDE wollen leben&#8220; Sr. Mitrovica<\/strong>&#8220; an, damit Ihre Spende zugeordnet und wunschgem\u00e4ss gewidmet wird.<\/p>\n<hr \/>\n<p><strong>Vielen Dank f\u00fcr Ihr Interesse an unserem Projekt &#8211; f\u00fcr Ihre Unterst\u00fctzung danken wir vorab.<\/strong><\/p>\n<p>&nbsp;<\/p>\n","protected":false},"excerpt":{"rendered":"<p>zu den Spendenoptionen &nbsp; Ein Rundgang im Shelter &#8211; Februar 2026 &nbsp; Impressionen aus unserem Shelter &nbsp; DAS ASYL &#8211; [&hellip;]<\/p>\n","protected":false},"author":1,"featured_media":0,"parent":0,"menu_order":0,"comment_status":"closed","ping_status":"open","template":"","meta":{"site-sidebar-layout":"default","site-content-layout":"","ast-site-content-layout":"default","site-content-style":"default","site-sidebar-style":"default","ast-global-header-display":"","ast-banner-title-visibility":"","ast-main-header-display":"","ast-hfb-above-header-display":"","ast-hfb-below-header-display":"","ast-hfb-mobile-header-display":"","site-post-title":"","ast-breadcrumbs-content":"","ast-featured-img":"","footer-sml-layout":"","theme-transparent-header-meta":"default","adv-header-id-meta":"","stick-header-meta":"","header-above-stick-meta":"","header-main-stick-meta":"","header-below-stick-meta":"","astra-migrate-meta-layouts":"set","ast-page-background-enabled":"default","ast-page-background-meta":{"desktop":{"background-color":"var(--ast-global-color-5)","background-image":"","background-repeat":"repeat","background-position":"center center","background-size":"auto","background-attachment":"scroll","background-type":"","background-media":"","overlay-type":"","overlay-color":"","overlay-opacity":"","overlay-gradient":""},"tablet":{"background-color":"","background-image":"","background-repeat":"repeat","background-position":"center center","background-size":"auto","background-attachment":"scroll","background-type":"","background-media":"","overlay-type":"","overlay-color":"","overlay-opacity":"","overlay-gradient":""},"mobile":{"background-color":"","background-image":"","background-repeat":"repeat","background-position":"center center","background-size":"auto","background-attachment":"scroll","background-type":"","background-media":"","overlay-type":"","overlay-color":"","overlay-opacity":"","overlay-gradient":""}},"ast-content-background-meta":{"desktop":{"background-color":"var(--ast-global-color-4)","background-image":"","background-repeat":"repeat","background-position":"center center","background-size":"auto","background-attachment":"scroll","background-type":"","background-media":"","overlay-type":"","overlay-color":"","overlay-opacity":"","overlay-gradient":""},"tablet":{"background-color":"var(--ast-global-color-4)","background-image":"","background-repeat":"repeat","background-position":"center center","background-size":"auto","background-attachment":"scroll","background-type":"","background-media":"","overlay-type":"","overlay-color":"","overlay-opacity":"","overlay-gradient":""},"mobile":{"background-color":"var(--ast-global-color-4)","background-image":"","background-repeat":"repeat","background-position":"center center","background-size":"auto","background-attachment":"scroll","background-type":"","background-media":"","overlay-type":"","overlay-color":"","overlay-opacity":"","overlay-gradient":""}},"footnotes":""},"class_list":["post-2","page","type-page","status-publish","hentry"],"_links":{"self":[{"href":"https:\/\/www.hundewollenleben.net\/MITROVICA\/wp-json\/wp\/v2\/pages\/2","targetHints":{"allow":["GET"]}}],"collection":[{"href":"https:\/\/www.hundewollenleben.net\/MITROVICA\/wp-json\/wp\/v2\/pages"}],"about":[{"href":"https:\/\/www.hundewollenleben.net\/MITROVICA\/wp-json\/wp\/v2\/types\/page"}],"author":[{"embeddable":true,"href":"https:\/\/www.hundewollenleben.net\/MITROVICA\/wp-json\/wp\/v2\/users\/1"}],"replies":[{"embeddable":true,"href":"https:\/\/www.hundewollenleben.net\/MITROVICA\/wp-json\/wp\/v2\/comments?post=2"}],"version-history":[{"count":35,"href":"https:\/\/www.hundewollenleben.net\/MITROVICA\/wp-json\/wp\/v2\/pages\/2\/revisions"}],"predecessor-version":[{"id":878,"href":"https:\/\/www.hundewollenleben.net\/MITROVICA\/wp-json\/wp\/v2\/pages\/2\/revisions\/878"}],"wp:attachment":[{"href":"https:\/\/www.hundewollenleben.net\/MITROVICA\/wp-json\/wp\/v2\/media?parent=2"}],"curies":[{"name":"wp","href":"https:\/\/api.w.org\/{rel}","templated":true}]}}