{"id":3,"date":"2025-02-26T15:32:16","date_gmt":"2025-02-26T14:32:16","guid":{"rendered":"https:\/\/www.hundewollenleben.net\/MITROVICA\/?page_id=3"},"modified":"2025-03-06T21:22:40","modified_gmt":"2025-03-06T20:22:40","slug":"impressum","status":"publish","type":"page","link":"https:\/\/www.hundewollenleben.net\/MITROVICA\/impressum\/","title":{"rendered":"Impressum"},"content":{"rendered":"<h5><b>OFFENLEGUNG \/ DISCLAIMER<br \/>\n<\/b><\/h5>\n<p>F\u00fcr alle internen Inhalte dieser Webseite verantwortlich:<br \/>\n&#8222;HUNDE wollen leben&#8220; &#8211; Heinz Broucek<br \/>\n1140 Wien, H\u00e4gelingasse 1 \/ TOP 13<br \/>\nTel.: 0043\/699\/10 11 82 51<br \/>\nE-Mail: heinz.broucek@hundewollenleben.net<br \/>\nZVR-Zahl: 1962496144 \/ Wien &#8211; \u00d6sterreich<\/p>\n<h5><b>DATENSCHUTZ<\/b><\/h5>\n<p><b>Datenschutzrichtlinie<\/b><\/p>\n<p>Die Einhaltung der geltenden gesetzlichen Bestimmungen zum Datenschutz personenbezogener Daten ist f\u00fcr uns selbstverst\u00e4ndlich. Gem\u00e4\u00df Datenschutzgesetz (DSG 2000) sind personenbezogene Daten Informationen, die genutzt werden k\u00f6nnen, um die Identit\u00e4t von Web-Benutzern zu erfahren. Darunter fallen Informationen wie Name, Adresse, Postanschrift, Telefonnummer etc. S\u00e4mtliche Informationen, die nicht direkt mit der tats\u00e4chlichen Identit\u00e4t des Benutzers in Verbindung gebracht werden k\u00f6nnen fallen somit nicht darunter.<\/p>\n<p>Bei einem Besuch dieser Website erheben wir ohne Ihrer freiwilligen Anmeldung keine personenbezogenen Daten von Ihnen. Es fallen jedoch (automatisch) Daten an, die in einer Protokolldatei auf dem von uns verwendeten Server gespeichert und ausschlie\u00dflich anonym zu Statistikzwecken ausgewertet werden.<\/p>\n<p>Bei Bedarf und soferne Sie einen personalisierten, interaktiven bzw. Mail-Dienst auf unserer Website verwenden, erfassen wir von Ihnen pers\u00f6nliche Informationen. Wir verwenden diese personenbezogenen Daten nur innerhalb unseres Aktivit\u00e4ten. Diese Daten werden nicht an Dritte weitergegeben, es sei denn, dies ist zur Vertragserf\u00fcllung erforderlich oder wir werden gesetzlich dazu verpflichtet.<\/p>\n<p><b>Dateninformation<\/b><\/p>\n<p>Sie haben das Recht zu erfahren, welche personenbezogenen Daten gesammelt wurden. F\u00fcr diesbez\u00fcgliche Fragen erreichen Sie uns unter der Emailadresse office@hundewollenleben.net.<br \/>\nDerzeit werden keinerlei personenbezogenen Daten gespeichert \u2013 mit folgenden Ausnahmen:<\/p>\n<ul>\n<li>Sie fordern einen Newsletter an;<\/li>\n<li>Sie hinterlassen an antsprechenden Inhalten einen Kommentar;<\/li>\n<li>Sie kontaktieren uns \u00fcber das angebotene Kontaktformular;<\/li>\n<\/ul>\n<h5><b>SONSTIGE ANGABEN<\/b><\/h5>\n<p><b>Nutzungsbedingungen, Gew\u00e4hrleistung, Haftung<\/b><\/p>\n<p>Die Nutzung dieser Website erfolgt auf eigene Gefahr und auf eigenes Risiko. Wir \u00fcbernehmen keine Gew\u00e4hr f\u00fcr die ver\u00f6ffentlichten Beitr\u00e4ge, Angebote, Dienstleistungen und Services hinsichtlich Richtigkeit, Vollst\u00e4ndigkeit und Funktionalit\u00e4t. Die Gew\u00e4hrleistung richtet sich nach den gesetzlichen Bestimmungen. Jegliche Haftung f\u00fcr Sch\u00e4den, die direkt oder indirekt aus der Benutzung dieser Webseite entstehen, ist ausgeschlossen. Diese Website und die damit verbundenen Dienste werden unter dem Gesichtspunkt gr\u00f6\u00dfter Sorgfalt betrieben. Aus technischen Gr\u00fcnden ist es jedoch nicht m\u00f6glich, da\u00df diese Dienste ohne Unterbrechung zug\u00e4nglich sind, da\u00df die gew\u00fcnschten Verbindungen immer hergestellt werden k\u00f6nnen oder, da\u00df gespeicherte Daten unter allen Gegebenheiten erhalten bleiben. Die st\u00e4ndige Verf\u00fcgbarkeit kann daher nicht zugesichert werden. Konnektivit\u00e4t zu anderen Netzbetreibern erfolgt nach Massgabe der M\u00f6glichkeiten. Jegliche Haftung f\u00fcr Probleme, die ihre Ursache in den Netzen Dritter haben, ist ausgeschlossen. Die Nutzung anderer Netze unterliegt den Nutzungsbedingungen der jeweiligen Betreiber. Unsererseits besteht keine Haftung f\u00fcr h\u00f6here Gewalt, Streiks, Einschr\u00e4nkungen der Leistungen anderer Netzbetreiber sowie Reparatur- und Wartungsarbeiten und den damit verbundenen Einschr\u00e4nkungen oder Unterbrechungen dieses Dienstes.<\/p>\n<p><b>Link Policy<\/b><\/p>\n<p>Bei Verlinkungen auf weitere Online-Angebote \u00fcbernehmen wir keinerlei Haftung \u00fcber Inhalt, Funktionalit\u00e4t und Verf\u00fcgbarkeit der verlinkten Webseite(n). Dies gilt auch bei allen anderen direkten oder indirekten Verweisen oder Verlinkungen auf fremde Internetangebote. Links auf diese Webseite sind erw\u00fcnscht, wenn diese als externe Links in einem eigenen Browserfenster gestaltet sind. Eine \u00dcbernahme des Hauptfensters in einen Frame des Linksetzers ist unzul\u00e4ssig. Sollte eine Website, auf die wir verlinkt haben, rechtswidrige Inhalte enthalten, so bitten wir um Mitteilung, der Link wird umgehend entfernt.<\/p>\n","protected":false},"excerpt":{"rendered":"<p>OFFENLEGUNG \/ DISCLAIMER F\u00fcr alle internen Inhalte dieser Webseite verantwortlich: &#8222;HUNDE wollen leben&#8220; &#8211; Heinz Broucek 1140 Wien, H\u00e4gelingasse 1 [&hellip;]<\/p>\n","protected":false},"author":1,"featured_media":0,"parent":0,"menu_order":0,"comment_status":"closed","ping_status":"open","template":"","meta":{"site-sidebar-layout":"default","site-content-layout":"","ast-site-content-layout":"default","site-content-style":"default","site-sidebar-style":"default","ast-global-header-display":"","ast-banner-title-visibility":"","ast-main-header-display":"","ast-hfb-above-header-display":"","ast-hfb-below-header-display":"","ast-hfb-mobile-header-display":"","site-post-title":"","ast-breadcrumbs-content":"","ast-featured-img":"","footer-sml-layout":"","theme-transparent-header-meta":"default","adv-header-id-meta":"","stick-header-meta":"","header-above-stick-meta":"","header-main-stick-meta":"","header-below-stick-meta":"","astra-migrate-meta-layouts":"set","ast-page-background-enabled":"default","ast-page-background-meta":{"desktop":{"background-color":"var(--ast-global-color-5)","background-image":"","background-repeat":"repeat","background-position":"center center","background-size":"auto","background-attachment":"scroll","background-type":"","background-media":"","overlay-type":"","overlay-color":"","overlay-opacity":"","overlay-gradient":""},"tablet":{"background-color":"","background-image":"","background-repeat":"repeat","background-position":"center center","background-size":"auto","background-attachment":"scroll","background-type":"","background-media":"","overlay-type":"","overlay-color":"","overlay-opacity":"","overlay-gradient":""},"mobile":{"background-color":"","background-image":"","background-repeat":"repeat","background-position":"center center","background-size":"auto","background-attachment":"scroll","background-type":"","background-media":"","overlay-type":"","overlay-color":"","overlay-opacity":"","overlay-gradient":""}},"ast-content-background-meta":{"desktop":{"background-color":"var(--ast-global-color-4)","background-image":"","background-repeat":"repeat","background-position":"center center","background-size":"auto","background-attachment":"scroll","background-type":"","background-media":"","overlay-type":"","overlay-color":"","overlay-opacity":"","overlay-gradient":""},"tablet":{"background-color":"var(--ast-global-color-4)","background-image":"","background-repeat":"repeat","background-position":"center center","background-size":"auto","background-attachment":"scroll","background-type":"","background-media":"","overlay-type":"","overlay-color":"","overlay-opacity":"","overlay-gradient":""},"mobile":{"background-color":"var(--ast-global-color-4)","background-image":"","background-repeat":"repeat","background-position":"center center","background-size":"auto","background-attachment":"scroll","background-type":"","background-media":"","overlay-type":"","overlay-color":"","overlay-opacity":"","overlay-gradient":""}},"footnotes":""},"class_list":["post-3","page","type-page","status-publish","hentry"],"_links":{"self":[{"href":"https:\/\/www.hundewollenleben.net\/MITROVICA\/wp-json\/wp\/v2\/pages\/3","targetHints":{"allow":["GET"]}}],"collection":[{"href":"https:\/\/www.hundewollenleben.net\/MITROVICA\/wp-json\/wp\/v2\/pages"}],"about":[{"href":"https:\/\/www.hundewollenleben.net\/MITROVICA\/wp-json\/wp\/v2\/types\/page"}],"author":[{"embeddable":true,"href":"https:\/\/www.hundewollenleben.net\/MITROVICA\/wp-json\/wp\/v2\/users\/1"}],"replies":[{"embeddable":true,"href":"https:\/\/www.hundewollenleben.net\/MITROVICA\/wp-json\/wp\/v2\/comments?post=3"}],"version-history":[{"count":3,"href":"https:\/\/www.hundewollenleben.net\/MITROVICA\/wp-json\/wp\/v2\/pages\/3\/revisions"}],"predecessor-version":[{"id":124,"href":"https:\/\/www.hundewollenleben.net\/MITROVICA\/wp-json\/wp\/v2\/pages\/3\/revisions\/124"}],"wp:attachment":[{"href":"https:\/\/www.hundewollenleben.net\/MITROVICA\/wp-json\/wp\/v2\/media?parent=3"}],"curies":[{"name":"wp","href":"https:\/\/api.w.org\/{rel}","templated":true}]}}