{"id":61,"date":"2025-02-26T16:51:28","date_gmt":"2025-02-26T15:51:28","guid":{"rendered":"https:\/\/www.hundewollenleben.net\/MITROVICA\/?page_id=61"},"modified":"2025-03-07T16:09:54","modified_gmt":"2025-03-07T15:09:54","slug":"chronik","status":"publish","type":"page","link":"https:\/\/www.hundewollenleben.net\/MITROVICA\/chronik\/","title":{"rendered":"Chronik"},"content":{"rendered":"<p>Sie finden hier die gesamte Chronik zum Projekt (auch zum vorhergehenden Projekt an Ort und Stelle) bis zum Beginn im Jahr 2018.<\/p>\n<p>Eintr\u00e4ge ab dem Jahr 2023 betreffen bereits das ab Sommer 2023 t\u00e4tige Personenkomitee &#8211; die Eintr\u00e4ge ab dem Jahr 2024 wurden und werden durch den gegr\u00fcndeten Verein &#8222;<b>HUNDE wollen leben<\/b>&#8220; gepflegt.<\/p>\n<p>Eine Auswahl aller Beitr\u00e4ge (chronologisch geordnet) finden sie -&gt; <a href=\"https:\/\/www.hundewollenleben.net\/MITROVICA\/chronik-auswahl\/\"><strong>HIER<\/strong><\/a><\/p>\n<p>&nbsp;<\/p>\n","protected":false},"excerpt":{"rendered":"<p>Sie finden hier die gesamte Chronik zum Projekt (auch zum vorhergehenden Projekt an Ort und Stelle) bis zum Beginn im [&hellip;]<\/p>\n","protected":false},"author":1,"featured_media":0,"parent":0,"menu_order":0,"comment_status":"closed","ping_status":"closed","template":"","meta":{"site-sidebar-layout":"right-sidebar","site-content-layout":"","ast-site-content-layout":"default","site-content-style":"default","site-sidebar-style":"unboxed","ast-global-header-display":"","ast-banner-title-visibility":"","ast-main-header-display":"","ast-hfb-above-header-display":"","ast-hfb-below-header-display":"","ast-hfb-mobile-header-display":"","site-post-title":"","ast-breadcrumbs-content":"","ast-featured-img":"","footer-sml-layout":"","theme-transparent-header-meta":"default","adv-header-id-meta":"","stick-header-meta":"","header-above-stick-meta":"","header-main-stick-meta":"","header-below-stick-meta":"","astra-migrate-meta-layouts":"set","ast-page-background-enabled":"default","ast-page-background-meta":{"desktop":{"background-color":"var(--ast-global-color-5)","background-image":"","background-repeat":"repeat","background-position":"center center","background-size":"auto","background-attachment":"scroll","background-type":"","background-media":"","overlay-type":"","overlay-color":"","overlay-opacity":"","overlay-gradient":""},"tablet":{"background-color":"","background-image":"","background-repeat":"repeat","background-position":"center center","background-size":"auto","background-attachment":"scroll","background-type":"","background-media":"","overlay-type":"","overlay-color":"","overlay-opacity":"","overlay-gradient":""},"mobile":{"background-color":"","background-image":"","background-repeat":"repeat","background-position":"center center","background-size":"auto","background-attachment":"scroll","background-type":"","background-media":"","overlay-type":"","overlay-color":"","overlay-opacity":"","overlay-gradient":""}},"ast-content-background-meta":{"desktop":{"background-color":"var(--ast-global-color-4)","background-image":"","background-repeat":"repeat","background-position":"center center","background-size":"auto","background-attachment":"scroll","background-type":"","background-media":"","overlay-type":"","overlay-color":"","overlay-opacity":"","overlay-gradient":""},"tablet":{"background-color":"var(--ast-global-color-4)","background-image":"","background-repeat":"repeat","background-position":"center center","background-size":"auto","background-attachment":"scroll","background-type":"","background-media":"","overlay-type":"","overlay-color":"","overlay-opacity":"","overlay-gradient":""},"mobile":{"background-color":"var(--ast-global-color-4)","background-image":"","background-repeat":"repeat","background-position":"center center","background-size":"auto","background-attachment":"scroll","background-type":"","background-media":"","overlay-type":"","overlay-color":"","overlay-opacity":"","overlay-gradient":""}},"footnotes":""},"class_list":["post-61","page","type-page","status-publish","hentry"],"_links":{"self":[{"href":"https:\/\/www.hundewollenleben.net\/MITROVICA\/wp-json\/wp\/v2\/pages\/61","targetHints":{"allow":["GET"]}}],"collection":[{"href":"https:\/\/www.hundewollenleben.net\/MITROVICA\/wp-json\/wp\/v2\/pages"}],"about":[{"href":"https:\/\/www.hundewollenleben.net\/MITROVICA\/wp-json\/wp\/v2\/types\/page"}],"author":[{"embeddable":true,"href":"https:\/\/www.hundewollenleben.net\/MITROVICA\/wp-json\/wp\/v2\/users\/1"}],"replies":[{"embeddable":true,"href":"https:\/\/www.hundewollenleben.net\/MITROVICA\/wp-json\/wp\/v2\/comments?post=61"}],"version-history":[{"count":4,"href":"https:\/\/www.hundewollenleben.net\/MITROVICA\/wp-json\/wp\/v2\/pages\/61\/revisions"}],"predecessor-version":[{"id":711,"href":"https:\/\/www.hundewollenleben.net\/MITROVICA\/wp-json\/wp\/v2\/pages\/61\/revisions\/711"}],"wp:attachment":[{"href":"https:\/\/www.hundewollenleben.net\/MITROVICA\/wp-json\/wp\/v2\/media?parent=61"}],"curies":[{"name":"wp","href":"https:\/\/api.w.org\/{rel}","templated":true}]}}